{"id":45,"date":"2017-02-16T09:17:12","date_gmt":"2017-02-16T08:17:12","guid":{"rendered":"http:\/\/mxajfmgl.preview.infomaniak.website\/?page_id=45"},"modified":"2025-07-27T14:15:51","modified_gmt":"2025-07-27T12:15:51","slug":"contact","status":"publish","type":"page","link":"https:\/\/wellness-fm.ch\/?page_id=45","title":{"rendered":"Contact"},"content":{"rendered":"\n<p>R\u00e9servez votre rendez-vous par WhatsApp \/ t\u00e9l\u00e9phone +41 79 482 30 16 ou e-mail fran[at]wellness-fm.ch<\/p>\n\n\n\n<div class=\"wp-block-columns is-layout-flex wp-container-core-columns-is-layout-9d6595d7 wp-block-columns-is-layout-flex\">\n<div class=\"wp-block-column is-layout-flow wp-block-column-is-layout-flow\" style=\"flex-basis:100%\">\n<p><strong>Adresses<\/strong><\/p>\n\n\n\n<div class=\"wp-block-columns is-layout-flex wp-container-core-columns-is-layout-9d6595d7 wp-block-columns-is-layout-flex\">\n<div class=\"wp-block-column is-layout-flow wp-block-column-is-layout-flow\">\n<p><strong>Cabinet \u00e0 Champel<\/strong><\/p>\n\n\n\n<p>19, rue de l&rsquo;Athen\u00e9e<br>1206 Gen\u00e8ve<\/p>\n\n\n\n<p><a href=\"https:\/\/wellness-fm.ch\/?p=28579\" data-type=\"page\" data-id=\"28640\">Drainage lymphatique (1h): 160 CHF<\/a><br><a href=\"https:\/\/wellness-fm.ch\/?p=28585\" data-type=\"link\" data-id=\"https:\/\/wellness-fm.ch\/?p=28585\">Miracle face (30 min.): 80 CHF<\/a><\/p>\n<\/div>\n\n\n\n<div class=\"wp-block-column is-layout-flow wp-block-column-is-layout-flow\">\n<p><strong>Horaires<\/strong><\/p>\n\n\n\n<p>Mercredi: 08h00 &#8211; 19h00<br>Samedi:    08h00 &#8211; 17h00<\/p>\n<\/div>\n<\/div>\n<\/div>\n<\/div>\n\n\n\n<div class=\"wp-block-columns is-layout-flex wp-container-core-columns-is-layout-9d6595d7 wp-block-columns-is-layout-flex\">\n<div class=\"wp-block-column is-layout-flow wp-block-column-is-layout-flow\">\n<p><strong>Clinique de m\u00e9decine int\u00e9grative \u00e0 Gen\u00e8ve<\/strong><\/p>\n\n\n\n<p>Detox Suisse<br>Avenue Wendt 56<br>1203 Gen\u00e8ve<br>T\u00e9l. +41 22 910 33 23<\/p>\n\n\n\n<div class=\"wp-block-columns is-layout-flex wp-container-core-columns-is-layout-9d6595d7 wp-block-columns-is-layout-flex\">\n<div class=\"wp-block-column is-layout-flow wp-block-column-is-layout-flow\" style=\"flex-basis:100%\">\n<p>Drainage lymphatique (1h): 180 CHF<br>Miracle face (30 min.): 80 CHF<\/p>\n<\/div>\n<\/div>\n<\/div>\n\n\n\n<div class=\"wp-block-column is-layout-flow wp-block-column-is-layout-flow\">\n<p><strong>Horaires<\/strong><\/p>\n\n\n\n<p>Lundi:         09h00 &#8211; 13h30<br>Mardi:        09h00 &#8211; 13h30<br>Jeudi:         09h00 &#8211; 13h30<br>Vendredi:   09h00 &#8211; 13h30<\/p>\n<\/div>\n<\/div>\n\n\n\n<p><\/p>\n","protected":false},"excerpt":{"rendered":"<p>R\u00e9servez votre rendez-vous par WhatsApp \/ t\u00e9l\u00e9phone +41 79 482 30 16 ou e-mail fran[at]wellness-fm.ch Adresses Cabinet \u00e0 Champel 19, rue de l&rsquo;Athen\u00e9e1206 Gen\u00e8ve Drainage lymphatique (1h): 160 CHFMiracle face (30 min.): 80 CHF Horaires Mercredi: 08h00 &#8211; 19h00Samedi: 08h00 &#8211; 17h00 Clinique de m\u00e9decine int\u00e9grative \u00e0 Gen\u00e8ve Detox SuisseAvenue Wendt 561203 Gen\u00e8veT\u00e9l. +41 22 &hellip; <\/p>\n","protected":false},"author":1,"featured_media":0,"parent":0,"menu_order":0,"comment_status":"closed","ping_status":"closed","template":"","meta":{"_themeisle_gutenberg_block_has_review":false,"footnotes":""},"class_list":["post-45","page","type-page","status-publish","hentry"],"_links":{"self":[{"href":"https:\/\/wellness-fm.ch\/index.php?rest_route=\/wp\/v2\/pages\/45","targetHints":{"allow":["GET"]}}],"collection":[{"href":"https:\/\/wellness-fm.ch\/index.php?rest_route=\/wp\/v2\/pages"}],"about":[{"href":"https:\/\/wellness-fm.ch\/index.php?rest_route=\/wp\/v2\/types\/page"}],"author":[{"embeddable":true,"href":"https:\/\/wellness-fm.ch\/index.php?rest_route=\/wp\/v2\/users\/1"}],"replies":[{"embeddable":true,"href":"https:\/\/wellness-fm.ch\/index.php?rest_route=%2Fwp%2Fv2%2Fcomments&post=45"}],"version-history":[{"count":41,"href":"https:\/\/wellness-fm.ch\/index.php?rest_route=\/wp\/v2\/pages\/45\/revisions"}],"predecessor-version":[{"id":31064,"href":"https:\/\/wellness-fm.ch\/index.php?rest_route=\/wp\/v2\/pages\/45\/revisions\/31064"}],"wp:attachment":[{"href":"https:\/\/wellness-fm.ch\/index.php?rest_route=%2Fwp%2Fv2%2Fmedia&parent=45"}],"curies":[{"name":"wp","href":"https:\/\/api.w.org\/{rel}","templated":true}]}}