{"id":28640,"date":"2017-02-16T09:16:27","date_gmt":"2017-02-16T08:16:27","guid":{"rendered":"http:\/\/mxajfmgl.preview.infomaniak.website\/?page_id=38"},"modified":"2026-04-06T23:11:04","modified_gmt":"2026-04-06T21:11:04","slug":"services","status":"publish","type":"page","link":"https:\/\/wellness-fm.ch\/?page_id=28640","title":{"rendered":"Soins"},"content":{"rendered":"\n<p><a href=\"https:\/\/wellness-fm.ch\/?p=28579\" data-type=\"post\" data-id=\"28579\">Drainage Lymphatique<\/a><\/p>\n\n\n\n<p><a href=\"https:\/\/wellness-fm.ch\/?p=28585\" data-type=\"link\" data-id=\"https:\/\/wellness-fm.ch\/?p=28585\">Miracle Face<\/a><\/p>\n\n\n\n<p><a href=\"https:\/\/wellness-fm.ch\/?p=31071\" data-type=\"post\" data-id=\"31071\">Accompagnement et r\u00e9cup\u00e9ration post-op\u00e9ratoire<\/a><\/p>\n\n\n\n<p><\/p>\n","protected":false},"excerpt":{"rendered":"<p>Drainage Lymphatique Miracle Face Accompagnement et r\u00e9cup\u00e9ration post-op\u00e9ratoire<\/p>\n","protected":false},"author":1,"featured_media":31097,"parent":0,"menu_order":0,"comment_status":"closed","ping_status":"closed","template":"","meta":{"_themeisle_gutenberg_block_has_review":false,"footnotes":""},"class_list":["post-28640","page","type-page","status-publish","has-post-thumbnail","hentry"],"_links":{"self":[{"href":"https:\/\/wellness-fm.ch\/index.php?rest_route=\/wp\/v2\/pages\/28640","targetHints":{"allow":["GET"]}}],"collection":[{"href":"https:\/\/wellness-fm.ch\/index.php?rest_route=\/wp\/v2\/pages"}],"about":[{"href":"https:\/\/wellness-fm.ch\/index.php?rest_route=\/wp\/v2\/types\/page"}],"author":[{"embeddable":true,"href":"https:\/\/wellness-fm.ch\/index.php?rest_route=\/wp\/v2\/users\/1"}],"replies":[{"embeddable":true,"href":"https:\/\/wellness-fm.ch\/index.php?rest_route=%2Fwp%2Fv2%2Fcomments&post=28640"}],"version-history":[{"count":7,"href":"https:\/\/wellness-fm.ch\/index.php?rest_route=\/wp\/v2\/pages\/28640\/revisions"}],"predecessor-version":[{"id":31077,"href":"https:\/\/wellness-fm.ch\/index.php?rest_route=\/wp\/v2\/pages\/28640\/revisions\/31077"}],"wp:featuredmedia":[{"embeddable":true,"href":"https:\/\/wellness-fm.ch\/index.php?rest_route=\/wp\/v2\/media\/31097"}],"wp:attachment":[{"href":"https:\/\/wellness-fm.ch\/index.php?rest_route=%2Fwp%2Fv2%2Fmedia&parent=28640"}],"curies":[{"name":"wp","href":"https:\/\/api.w.org\/{rel}","templated":true}]}}